{"id":204,"date":"2023-12-04T16:21:16","date_gmt":"2023-12-04T15:21:16","guid":{"rendered":"https:\/\/smilies.rs\/nasa-prica\/"},"modified":"2024-05-15T11:41:09","modified_gmt":"2024-05-15T09:41:09","slug":"our-story","status":"publish","type":"page","link":"https:\/\/smilies.rs\/en\/our-story\/","title":{"rendered":"Our Story"},"content":{"rendered":"[vc_row type=&#8221;full_width_background&#8221; full_screen_row_position=&#8221;middle&#8221; column_margin=&#8221;default&#8221; column_direction=&#8221;default&#8221; column_direction_tablet=&#8221;default&#8221; column_direction_phone=&#8221;default&#8221; bg_color=&#8221;#fb6e03&#8243; bg_image=&#8221;30&#8243; bg_position=&#8221;center top&#8221; background_image_loading=&#8221;default&#8221; bg_repeat=&#8221;no-repeat&#8221; scene_position=&#8221;center&#8221; top_padding=&#8221;210&#8243; bottom_padding=&#8221;260&#8243; top_padding_tablet=&#8221;130&#8243; bottom_padding_tablet=&#8221;200&#8243; top_padding_phone=&#8221;100&#8243; bottom_padding_phone=&#8221;140&#8243; text_color=&#8221;dark&#8221; text_align=&#8221;left&#8221; row_border_radius=&#8221;none&#8221; row_border_radius_applies=&#8221;bg&#8221; overflow=&#8221;visible&#8221; overlay_strength=&#8221;0.3&#8243; gradient_direction=&#8221;left_to_right&#8221; enable_shape_divider=&#8221;true&#8221; shape_divider_color=&#8221;#ffffff&#8221; shape_divider_position=&#8221;bottom&#8221; shape_divider_height=&#8221;250&#8243; bg_image_animation=&#8221;none&#8221; gradient_type=&#8221;default&#8221; shape_type=&#8221;waves_opacity_alt&#8221;][vc_column column_padding=&#8221;no-extra-padding&#8221; column_padding_tablet=&#8221;inherit&#8221; column_padding_phone=&#8221;inherit&#8221; column_padding_position=&#8221;all&#8221; column_element_direction_desktop=&#8221;default&#8221; column_element_spacing=&#8221;default&#8221; desktop_text_alignment=&#8221;default&#8221; tablet_text_alignment=&#8221;default&#8221; phone_text_alignment=&#8221;default&#8221; background_color_opacity=&#8221;1&#8243; background_hover_color_opacity=&#8221;1&#8243; column_backdrop_filter=&#8221;none&#8221; column_shadow=&#8221;none&#8221; column_border_radius=&#8221;none&#8221; column_link_target=&#8221;_self&#8221; column_position=&#8221;default&#8221; gradient_direction=&#8221;left_to_right&#8221; overlay_strength=&#8221;0.3&#8243; width=&#8221;1\/1&#8243; tablet_width_inherit=&#8221;default&#8221; animation_type=&#8221;default&#8221; bg_image_animation=&#8221;none&#8221; border_type=&#8221;simple&#8221; column_border_width=&#8221;none&#8221; column_border_style=&#8221;solid&#8221;][vc_column_text]\n<h1 style=\"text-align: center;\">About us<\/h1>\n[\/vc_column_text][divider line_type=&#8221;No Line&#8221; custom_height=&#8221;40&#8243;][vc_column_text]Chocolate and chocolate desserts factory <strong>&#8220;PREST&#8221;<\/strong> reintroduced the <strong>Smilies<\/strong> brand in 2023. Equipped with modern machines from Italian manufacturers and a careful selection of new products that will enrich the factory&#8217;s assortment, we intend to cater to both local and global markets with new flavors of chocolate eggs and balls, and brand new products such as chocolate tablets and bars. We will also offer a collection of exquisite chocolate creations for refined palates and expectations.[\/vc_column_text][divider line_type=&#8221;No Line&#8221; custom_height=&#8221;20&#8243;][vc_row_inner column_margin=&#8221;50px&#8221; column_direction=&#8221;default&#8221; column_direction_tablet=&#8221;default&#8221; column_direction_phone=&#8221;default&#8221; text_align=&#8221;left&#8221; row_position=&#8221;default&#8221; row_position_tablet=&#8221;inherit&#8221; row_position_phone=&#8221;inherit&#8221; overflow=&#8221;visible&#8221; pointer_events=&#8221;all&#8221;][vc_column_inner column_padding=&#8221;no-extra-padding&#8221; column_padding_tablet=&#8221;inherit&#8221; column_padding_phone=&#8221;inherit&#8221; column_padding_position=&#8221;all&#8221; column_element_direction_desktop=&#8221;default&#8221; column_element_spacing=&#8221;default&#8221; desktop_text_alignment=&#8221;default&#8221; tablet_text_alignment=&#8221;default&#8221; phone_text_alignment=&#8221;default&#8221; background_color_opacity=&#8221;1&#8243; background_hover_color_opacity=&#8221;1&#8243; column_backdrop_filter=&#8221;none&#8221; column_shadow=&#8221;none&#8221; column_border_radius=&#8221;none&#8221; column_link_target=&#8221;_self&#8221; overflow=&#8221;visible&#8221; gradient_direction=&#8221;left_to_right&#8221; overlay_strength=&#8221;0.3&#8243; width=&#8221;1\/2&#8243; tablet_width_inherit=&#8221;default&#8221; animation_type=&#8221;default&#8221; bg_image_animation=&#8221;none&#8221; border_type=&#8221;simple&#8221; column_border_width=&#8221;none&#8221; column_border_style=&#8221;solid&#8221;][vc_column_text]The factory exclusively sources its primary raw materials from <strong>Belgium<\/strong>, <strong>Sweden<\/strong> and <strong>Italy<\/strong>, ensuring the standard and quality of end products. The entire production process is based on the technology and recipes developed in these countries, which ensure that <strong>&#8220;Smilies&#8221;<\/strong> products meet the <strong>highest standards<\/strong> of these countries, renowned for the finest chocolate and chocolate pralines.[\/vc_column_text][\/vc_column_inner][vc_column_inner column_padding=&#8221;no-extra-padding&#8221; column_padding_tablet=&#8221;inherit&#8221; column_padding_phone=&#8221;inherit&#8221; column_padding_position=&#8221;all&#8221; column_element_direction_desktop=&#8221;default&#8221; column_element_spacing=&#8221;default&#8221; desktop_text_alignment=&#8221;default&#8221; tablet_text_alignment=&#8221;default&#8221; phone_text_alignment=&#8221;default&#8221; background_color_opacity=&#8221;1&#8243; background_hover_color_opacity=&#8221;1&#8243; column_backdrop_filter=&#8221;none&#8221; column_shadow=&#8221;none&#8221; column_border_radius=&#8221;none&#8221; column_link_target=&#8221;_self&#8221; overflow=&#8221;visible&#8221; gradient_direction=&#8221;left_to_right&#8221; overlay_strength=&#8221;0.3&#8243; width=&#8221;1\/2&#8243; tablet_width_inherit=&#8221;default&#8221; animation_type=&#8221;default&#8221; bg_image_animation=&#8221;none&#8221; border_type=&#8221;simple&#8221; column_border_width=&#8221;none&#8221; column_border_style=&#8221;solid&#8221;][vc_column_text]The <strong>Smilies<\/strong> brand set high standards when it first emerged on the Serbian and global markets nearly 20 years ago, and our goal is to maintain the leading position in the future, which we will base on:<br \/>\n\u2022 <strong>expertise and experience<\/strong> of employees who directly participate in the production process<br \/>\n\u2022 <strong>quality<\/strong> &#8211; by using the highest quality raw materials, state of the art machines, and implementing the necessary standards,<br \/>\n\u2022 <strong>continuous development<\/strong> by increasing productivity and competitiveness[\/vc_column_text][\/vc_column_inner][\/vc_row_inner][\/vc_column][\/vc_row][vc_row type=&#8221;full_width_background&#8221; full_screen_row_position=&#8221;middle&#8221; column_margin=&#8221;100px&#8221; column_direction=&#8221;default&#8221; column_direction_tablet=&#8221;default&#8221; column_direction_phone=&#8221;default&#8221; scene_position=&#8221;center&#8221; top_padding=&#8221;60&#8243; constrain_group_1=&#8221;yes&#8221; bottom_padding=&#8221;60&#8243; top_padding_tablet=&#8221;60&#8243; constrain_group_3=&#8221;yes&#8221; bottom_padding_tablet=&#8221;60&#8243; top_padding_phone=&#8221;40&#8243; constrain_group_5=&#8221;yes&#8221; bottom_padding_phone=&#8221;40&#8243; text_color=&#8221;dark&#8221; text_align=&#8221;left&#8221; row_border_radius=&#8221;none&#8221; row_border_radius_applies=&#8221;bg&#8221; overflow=&#8221;visible&#8221; overlay_strength=&#8221;0.3&#8243; gradient_direction=&#8221;left_to_right&#8221; shape_divider_color=&#8221;#ffffff&#8221; shape_divider_position=&#8221;top&#8221; shape_divider_height=&#8221;250&#8243; shape_divider_bring_to_front=&#8221;true&#8221; bg_image_animation=&#8221;none&#8221; parallax_bg=&#8221;true&#8221; parallax_bg_speed=&#8221;medium_fast&#8221; gradient_type=&#8221;default&#8221; shape_type=&#8221;waves_opacity_alt&#8221;][vc_column column_padding=&#8221;no-extra-padding&#8221; column_padding_tablet=&#8221;inherit&#8221; column_padding_phone=&#8221;inherit&#8221; column_padding_position=&#8221;all&#8221; column_element_direction_desktop=&#8221;default&#8221; column_element_spacing=&#8221;default&#8221; desktop_text_alignment=&#8221;default&#8221; tablet_text_alignment=&#8221;default&#8221; phone_text_alignment=&#8221;default&#8221; background_color_opacity=&#8221;1&#8243; background_hover_color_opacity=&#8221;1&#8243; column_backdrop_filter=&#8221;none&#8221; column_shadow=&#8221;none&#8221; column_border_radius=&#8221;none&#8221; column_link_target=&#8221;_self&#8221; column_position=&#8221;default&#8221; gradient_direction=&#8221;left_to_right&#8221; overlay_strength=&#8221;0.3&#8243; width=&#8221;1\/2&#8243; tablet_width_inherit=&#8221;default&#8221; animation_type=&#8221;default&#8221; bg_image_animation=&#8221;none&#8221; border_type=&#8221;simple&#8221; column_border_width=&#8221;none&#8221; column_border_style=&#8221;solid&#8221;][vc_column_text]\n<h2>Mission<\/h2>\n[\/vc_column_text][divider line_type=&#8221;No Line&#8221; custom_height=&#8221;20&#8243;][vc_column_text]<strong>To make everyday, ordinary things special, with divine flavors that stimulate the senses to smile.<\/strong>[\/vc_column_text][vc_column_text]Knowing that hardly anyone can resist a sweet bite to top off a perfect meal, we strive to create a plethora of choices with Smilies sweets. Using the creativity and know-how of our technologists, we aim to make people happy, satisfied and fulfilled while enjoying the rich flavor of Smilies products. We wish to be a part of the family, a friend in need, that small thing that brightens your day and brings out a smile. We wish to earn the trust of entire generations to come and witness children grow up with us![\/vc_column_text][divider line_type=&#8221;No Line&#8221; custom_height=&#8221;20&#8243;][\/vc_column][vc_column column_padding=&#8221;no-extra-padding&#8221; column_padding_tablet=&#8221;inherit&#8221; column_padding_phone=&#8221;inherit&#8221; column_padding_position=&#8221;all&#8221; column_element_direction_desktop=&#8221;default&#8221; column_element_spacing=&#8221;default&#8221; desktop_text_alignment=&#8221;default&#8221; tablet_text_alignment=&#8221;default&#8221; phone_text_alignment=&#8221;default&#8221; background_color_opacity=&#8221;1&#8243; background_hover_color_opacity=&#8221;1&#8243; column_backdrop_filter=&#8221;none&#8221; column_shadow=&#8221;none&#8221; column_border_radius=&#8221;none&#8221; column_link_target=&#8221;_self&#8221; column_position=&#8221;default&#8221; gradient_direction=&#8221;left_to_right&#8221; overlay_strength=&#8221;0.3&#8243; width=&#8221;1\/2&#8243; tablet_width_inherit=&#8221;default&#8221; animation_type=&#8221;default&#8221; bg_image_animation=&#8221;none&#8221; border_type=&#8221;simple&#8221; column_border_width=&#8221;none&#8221; column_border_style=&#8221;solid&#8221;][vc_column_text]\n<h2>Vision<\/h2>\n[\/vc_column_text][divider line_type=&#8221;No Line&#8221; custom_height=&#8221;20&#8243;][vc_column_text]<strong>To become recognizable in the confectionery industry for the quality of our products, and to develop a long-lasting and solid relationship with our clients and consumers.<\/strong>[\/vc_column_text][vc_column_text]The cornerstones of our business are responsibility, commitment, sustainability, transparency and teamwork. We are focused on development in every aspect &#8211; from new products, sustainable technologies and innovative packaging to new markets. We follow this path guided by consumers\u2019 wishes, needs and expectations, which we listen closely and strive to understand and fulfil.[\/vc_column_text][divider line_type=&#8221;No Line&#8221; custom_height=&#8221;20&#8243;][\/vc_column][\/vc_row]\n","protected":false},"excerpt":{"rendered":"<p>[vc_row type=&#8221;full_width_background&#8221; full_screen_row_position=&#8221;middle&#8221; column_margin=&#8221;default&#8221; column_direction=&#8221;default&#8221; column_direction_tablet=&#8221;default&#8221; column_direction_phone=&#8221;default&#8221; bg_color=&#8221;#fb6e03&#8243; bg_image=&#8221;30&#8243; bg_position=&#8221;center top&#8221; background_image_loading=&#8221;default&#8221; bg_repeat=&#8221;no-repeat&#8221; scene_position=&#8221;center&#8221; top_padding=&#8221;210&#8243; bottom_padding=&#8221;260&#8243; top_padding_tablet=&#8221;130&#8243; bottom_padding_tablet=&#8221;200&#8243; top_padding_phone=&#8221;100&#8243; bottom_padding_phone=&#8221;140&#8243; text_color=&#8221;dark&#8221; text_align=&#8221;left&#8221; row_border_radius=&#8221;none&#8221; row_border_radius_applies=&#8221;bg&#8221; overflow=&#8221;visible&#8221; overlay_strength=&#8221;0.3&#8243; gradient_direction=&#8221;left_to_right&#8221; enable_shape_divider=&#8221;true&#8221; shape_divider_color=&#8221;#ffffff&#8221; shape_divider_position=&#8221;bottom&#8221;&#8230;<\/p>\n","protected":false},"author":1,"featured_media":0,"parent":0,"menu_order":0,"comment_status":"closed","ping_status":"closed","template":"","meta":{"footnotes":""},"class_list":["post-204","page","type-page","status-publish"],"yoast_head":"<!-- This site is optimized with the Yoast SEO plugin v23.7 - https:\/\/yoast.com\/wordpress\/plugins\/seo\/ -->\n<title>Our Story - Smilies<\/title>\n<meta name=\"description\" content=\"The Smilies brand set high standards when it first appeared on the Serbian and world market almost 20 years ago, and our intention is to maintain its leading position in the future.\" \/>\n<meta name=\"robots\" content=\"index, follow, max-snippet:-1, max-image-preview:large, max-video-preview:-1\" \/>\n<link rel=\"canonical\" href=\"https:\/\/smilies.rs\/en\/our-story\/\" \/>\n<meta property=\"og:locale\" content=\"en_US\" \/>\n<meta property=\"og:type\" content=\"article\" \/>\n<meta property=\"og:title\" content=\"Our Story - Smilies\" \/>\n<meta property=\"og:description\" content=\"The Smilies brand set high standards when it first appeared on the Serbian and world market almost 20 years ago, and our intention is to maintain its leading position in the future.\" \/>\n<meta property=\"og:url\" content=\"https:\/\/smilies.rs\/en\/our-story\/\" \/>\n<meta property=\"og:site_name\" content=\"Smilies\" \/>\n<meta property=\"article:publisher\" content=\"https:\/\/www.facebook.com\/smilieschocolate\/\" \/>\n<meta property=\"article:modified_time\" content=\"2024-05-15T09:41:09+00:00\" \/>\n<meta name=\"twitter:card\" content=\"summary_large_image\" \/>\n<meta name=\"twitter:label1\" content=\"Est. reading time\" \/>\n\t<meta name=\"twitter:data1\" content=\"4 minutes\" \/>\n<script type=\"application\/ld+json\" class=\"yoast-schema-graph\">{\"@context\":\"https:\/\/schema.org\",\"@graph\":[{\"@type\":\"WebPage\",\"@id\":\"https:\/\/smilies.rs\/en\/our-story\/\",\"url\":\"https:\/\/smilies.rs\/en\/our-story\/\",\"name\":\"Our Story - Smilies\",\"isPartOf\":{\"@id\":\"https:\/\/smilies.rs\/en\/#website\"},\"datePublished\":\"2023-12-04T15:21:16+00:00\",\"dateModified\":\"2024-05-15T09:41:09+00:00\",\"description\":\"The Smilies brand set high standards when it first appeared on the Serbian and world market almost 20 years ago, and our intention is to maintain its leading position in the future.\",\"breadcrumb\":{\"@id\":\"https:\/\/smilies.rs\/en\/our-story\/#breadcrumb\"},\"inLanguage\":\"en-US\",\"potentialAction\":[{\"@type\":\"ReadAction\",\"target\":[\"https:\/\/smilies.rs\/en\/our-story\/\"]}]},{\"@type\":\"BreadcrumbList\",\"@id\":\"https:\/\/smilies.rs\/en\/our-story\/#breadcrumb\",\"itemListElement\":[{\"@type\":\"ListItem\",\"position\":1,\"name\":\"Po\u010detna\",\"item\":\"https:\/\/smilies.rs\/en\/\"},{\"@type\":\"ListItem\",\"position\":2,\"name\":\"Our Story\"}]},{\"@type\":\"WebSite\",\"@id\":\"https:\/\/smilies.rs\/en\/#website\",\"url\":\"https:\/\/smilies.rs\/en\/\",\"name\":\"Smilies\",\"description\":\"Dobrodo\u0161li u \u010daroliju \u010dokolade\",\"publisher\":{\"@id\":\"https:\/\/smilies.rs\/en\/#organization\"},\"potentialAction\":[{\"@type\":\"SearchAction\",\"target\":{\"@type\":\"EntryPoint\",\"urlTemplate\":\"https:\/\/smilies.rs\/en\/?s={search_term_string}\"},\"query-input\":{\"@type\":\"PropertyValueSpecification\",\"valueRequired\":true,\"valueName\":\"search_term_string\"}}],\"inLanguage\":\"en-US\"},{\"@type\":\"Organization\",\"@id\":\"https:\/\/smilies.rs\/en\/#organization\",\"name\":\"Smilies\",\"url\":\"https:\/\/smilies.rs\/en\/\",\"logo\":{\"@type\":\"ImageObject\",\"inLanguage\":\"en-US\",\"@id\":\"https:\/\/smilies.rs\/en\/#\/schema\/logo\/image\/\",\"url\":\"https:\/\/smilies.rs\/wp-content\/uploads\/2023\/12\/smilies-logo-footer.svg\",\"contentUrl\":\"https:\/\/smilies.rs\/wp-content\/uploads\/2023\/12\/smilies-logo-footer.svg\",\"width\":233,\"height\":100,\"caption\":\"Smilies\"},\"image\":{\"@id\":\"https:\/\/smilies.rs\/en\/#\/schema\/logo\/image\/\"},\"sameAs\":[\"https:\/\/www.facebook.com\/smilieschocolate\/\",\"https:\/\/www.instagram.com\/smilies_chocolate\/\"]}]}<\/script>\n<!-- \/ Yoast SEO plugin. -->","yoast_head_json":{"title":"Our Story - Smilies","description":"The Smilies brand set high standards when it first appeared on the Serbian and world market almost 20 years ago, and our intention is to maintain its leading position in the future.","robots":{"index":"index","follow":"follow","max-snippet":"max-snippet:-1","max-image-preview":"max-image-preview:large","max-video-preview":"max-video-preview:-1"},"canonical":"https:\/\/smilies.rs\/en\/our-story\/","og_locale":"en_US","og_type":"article","og_title":"Our Story - Smilies","og_description":"The Smilies brand set high standards when it first appeared on the Serbian and world market almost 20 years ago, and our intention is to maintain its leading position in the future.","og_url":"https:\/\/smilies.rs\/en\/our-story\/","og_site_name":"Smilies","article_publisher":"https:\/\/www.facebook.com\/smilieschocolate\/","article_modified_time":"2024-05-15T09:41:09+00:00","twitter_card":"summary_large_image","twitter_misc":{"Est. reading time":"4 minutes"},"schema":{"@context":"https:\/\/schema.org","@graph":[{"@type":"WebPage","@id":"https:\/\/smilies.rs\/en\/our-story\/","url":"https:\/\/smilies.rs\/en\/our-story\/","name":"Our Story - Smilies","isPartOf":{"@id":"https:\/\/smilies.rs\/en\/#website"},"datePublished":"2023-12-04T15:21:16+00:00","dateModified":"2024-05-15T09:41:09+00:00","description":"The Smilies brand set high standards when it first appeared on the Serbian and world market almost 20 years ago, and our intention is to maintain its leading position in the future.","breadcrumb":{"@id":"https:\/\/smilies.rs\/en\/our-story\/#breadcrumb"},"inLanguage":"en-US","potentialAction":[{"@type":"ReadAction","target":["https:\/\/smilies.rs\/en\/our-story\/"]}]},{"@type":"BreadcrumbList","@id":"https:\/\/smilies.rs\/en\/our-story\/#breadcrumb","itemListElement":[{"@type":"ListItem","position":1,"name":"Po\u010detna","item":"https:\/\/smilies.rs\/en\/"},{"@type":"ListItem","position":2,"name":"Our Story"}]},{"@type":"WebSite","@id":"https:\/\/smilies.rs\/en\/#website","url":"https:\/\/smilies.rs\/en\/","name":"Smilies","description":"Dobrodo\u0161li u \u010daroliju \u010dokolade","publisher":{"@id":"https:\/\/smilies.rs\/en\/#organization"},"potentialAction":[{"@type":"SearchAction","target":{"@type":"EntryPoint","urlTemplate":"https:\/\/smilies.rs\/en\/?s={search_term_string}"},"query-input":{"@type":"PropertyValueSpecification","valueRequired":true,"valueName":"search_term_string"}}],"inLanguage":"en-US"},{"@type":"Organization","@id":"https:\/\/smilies.rs\/en\/#organization","name":"Smilies","url":"https:\/\/smilies.rs\/en\/","logo":{"@type":"ImageObject","inLanguage":"en-US","@id":"https:\/\/smilies.rs\/en\/#\/schema\/logo\/image\/","url":"https:\/\/smilies.rs\/wp-content\/uploads\/2023\/12\/smilies-logo-footer.svg","contentUrl":"https:\/\/smilies.rs\/wp-content\/uploads\/2023\/12\/smilies-logo-footer.svg","width":233,"height":100,"caption":"Smilies"},"image":{"@id":"https:\/\/smilies.rs\/en\/#\/schema\/logo\/image\/"},"sameAs":["https:\/\/www.facebook.com\/smilieschocolate\/","https:\/\/www.instagram.com\/smilies_chocolate\/"]}]}},"_links":{"self":[{"href":"https:\/\/smilies.rs\/en\/wp-json\/wp\/v2\/pages\/204"}],"collection":[{"href":"https:\/\/smilies.rs\/en\/wp-json\/wp\/v2\/pages"}],"about":[{"href":"https:\/\/smilies.rs\/en\/wp-json\/wp\/v2\/types\/page"}],"author":[{"embeddable":true,"href":"https:\/\/smilies.rs\/en\/wp-json\/wp\/v2\/users\/1"}],"replies":[{"embeddable":true,"href":"https:\/\/smilies.rs\/en\/wp-json\/wp\/v2\/comments?post=204"}],"version-history":[{"count":4,"href":"https:\/\/smilies.rs\/en\/wp-json\/wp\/v2\/pages\/204\/revisions"}],"predecessor-version":[{"id":459,"href":"https:\/\/smilies.rs\/en\/wp-json\/wp\/v2\/pages\/204\/revisions\/459"}],"wp:attachment":[{"href":"https:\/\/smilies.rs\/en\/wp-json\/wp\/v2\/media?parent=204"}],"curies":[{"name":"wp","href":"https:\/\/api.w.org\/{rel}","templated":true}]}}