{"id":640,"date":"2024-09-12T18:02:04","date_gmt":"2024-09-12T16:02:04","guid":{"rendered":"https:\/\/smilies.rs\/?page_id=640"},"modified":"2024-09-14T15:27:15","modified_gmt":"2024-09-14T13:27:15","slug":"certificates","status":"publish","type":"page","link":"https:\/\/smilies.rs\/en\/certificates\/","title":{"rendered":"Certificates"},"content":{"rendered":"\n<h1 class=\"wp-block-heading has-text-align-center\">Certificates<\/h1>\n\n\n\n<div style=\"height:80px\" aria-hidden=\"true\" class=\"wp-block-spacer\"><\/div>\n\n\n\n<div class=\"wp-block-columns are-vertically-aligned-center is-layout-flex wp-container-core-columns-is-layout-1 wp-block-columns-is-layout-flex\">\n<div class=\"wp-block-column is-vertically-aligned-center is-layout-flow wp-block-column-is-layout-flow\" style=\"flex-basis:33.33%\">\n<figure class=\"wp-block-image size-large\"><img loading=\"lazy\" decoding=\"async\" width=\"362\" height=\"223\" src=\"https:\/\/smilies.rs\/wp-content\/uploads\/2024\/09\/IFS_Logo_Box_Food_RGB.svg\" alt=\"\" class=\"wp-image-612\"\/><\/figure>\n\n\n\n<p>Our commitment to quality is reflected in the recognized certificates that guarantee this to the end consumer.<\/p>\n\n\n\n<p>For production in accordance with industry standards and rigorous approach to hygiene and quality we have been awarded with IFS 8 certificate.<\/p>\n<\/div>\n\n\n\n<div class=\"wp-block-column is-vertically-aligned-center is-layout-flow wp-block-column-is-layout-flow\" style=\"flex-basis:66.66%\">\n<div data-wp-interactive=\"core\/file\" class=\"wp-block-file\"><object data-wp-bind--hidden=\"!state.hasPdfPreview\"  class=\"wp-block-file__embed\" data=\"https:\/\/smilies.rs\/wp-content\/uploads\/2024\/09\/Certificate-IFS-V8-2024-07-29-english.pdf\" type=\"application\/pdf\" style=\"width:100%;height:600px\" aria-label=\"Embed of Certificate IFS V8 2024-07-29 english.\"><\/object><a id=\"wp-block-file--media-72d35842-b973-45ab-8a5b-dee58a41f907\" href=\"https:\/\/smilies.rs\/wp-content\/uploads\/2024\/09\/Certificate-IFS-V8-2024-07-29-english.pdf\" target=\"_blank\" rel=\"noreferrer noopener\">Certificate IFS V8 2024-07-29 english<\/a><\/div>\n<\/div>\n<\/div>\n","protected":false},"excerpt":{"rendered":"<p>Certificates Our commitment to quality is reflected in the recognized certificates that guarantee this to the end consumer. For production in accordance with industry standards and rigorous approach to hygiene&#8230;<\/p>\n","protected":false},"author":1,"featured_media":0,"parent":0,"menu_order":0,"comment_status":"closed","ping_status":"closed","template":"","meta":{"footnotes":""},"class_list":["post-640","page","type-page","status-publish"],"yoast_head":"<!-- This site is optimized with the Yoast SEO plugin v23.7 - https:\/\/yoast.com\/wordpress\/plugins\/seo\/ -->\n<title>Certificates - Smilies<\/title>\n<meta name=\"robots\" content=\"index, follow, max-snippet:-1, max-image-preview:large, max-video-preview:-1\" \/>\n<link rel=\"canonical\" href=\"https:\/\/smilies.rs\/en\/certificates\/\" \/>\n<meta property=\"og:locale\" content=\"en_US\" \/>\n<meta property=\"og:type\" content=\"article\" \/>\n<meta property=\"og:title\" content=\"Certificates - Smilies\" \/>\n<meta property=\"og:description\" content=\"Certificates Our commitment to quality is reflected in the recognized certificates that guarantee this to the end consumer. For production in accordance with industry standards and rigorous approach to hygiene...\" \/>\n<meta property=\"og:url\" content=\"https:\/\/smilies.rs\/en\/certificates\/\" \/>\n<meta property=\"og:site_name\" content=\"Smilies\" \/>\n<meta property=\"article:publisher\" content=\"https:\/\/www.facebook.com\/smilieschocolate\/\" \/>\n<meta property=\"article:modified_time\" content=\"2024-09-14T13:27:15+00:00\" \/>\n<meta property=\"og:image\" content=\"https:\/\/smilies.rs\/wp-content\/uploads\/2024\/09\/IFS_Logo_Box_Food_RGB.svg\" \/>\n<meta name=\"twitter:card\" content=\"summary_large_image\" \/>\n<meta name=\"twitter:label1\" content=\"Est. reading time\" \/>\n\t<meta name=\"twitter:data1\" content=\"1 minute\" \/>\n<script type=\"application\/ld+json\" class=\"yoast-schema-graph\">{\"@context\":\"https:\/\/schema.org\",\"@graph\":[{\"@type\":\"WebPage\",\"@id\":\"https:\/\/smilies.rs\/en\/certificates\/\",\"url\":\"https:\/\/smilies.rs\/en\/certificates\/\",\"name\":\"Certificates - Smilies\",\"isPartOf\":{\"@id\":\"https:\/\/smilies.rs\/en\/#website\"},\"primaryImageOfPage\":{\"@id\":\"https:\/\/smilies.rs\/en\/certificates\/#primaryimage\"},\"image\":{\"@id\":\"https:\/\/smilies.rs\/en\/certificates\/#primaryimage\"},\"thumbnailUrl\":\"https:\/\/smilies.rs\/wp-content\/uploads\/2024\/09\/IFS_Logo_Box_Food_RGB.svg\",\"datePublished\":\"2024-09-12T16:02:04+00:00\",\"dateModified\":\"2024-09-14T13:27:15+00:00\",\"breadcrumb\":{\"@id\":\"https:\/\/smilies.rs\/en\/certificates\/#breadcrumb\"},\"inLanguage\":\"en-US\",\"potentialAction\":[{\"@type\":\"ReadAction\",\"target\":[\"https:\/\/smilies.rs\/en\/certificates\/\"]}]},{\"@type\":\"ImageObject\",\"inLanguage\":\"en-US\",\"@id\":\"https:\/\/smilies.rs\/en\/certificates\/#primaryimage\",\"url\":\"https:\/\/smilies.rs\/wp-content\/uploads\/2024\/09\/IFS_Logo_Box_Food_RGB.svg\",\"contentUrl\":\"https:\/\/smilies.rs\/wp-content\/uploads\/2024\/09\/IFS_Logo_Box_Food_RGB.svg\"},{\"@type\":\"BreadcrumbList\",\"@id\":\"https:\/\/smilies.rs\/en\/certificates\/#breadcrumb\",\"itemListElement\":[{\"@type\":\"ListItem\",\"position\":1,\"name\":\"Po\u010detna\",\"item\":\"https:\/\/smilies.rs\/en\/\"},{\"@type\":\"ListItem\",\"position\":2,\"name\":\"Certificates\"}]},{\"@type\":\"WebSite\",\"@id\":\"https:\/\/smilies.rs\/en\/#website\",\"url\":\"https:\/\/smilies.rs\/en\/\",\"name\":\"Smilies\",\"description\":\"Dobrodo\u0161li u \u010daroliju \u010dokolade\",\"publisher\":{\"@id\":\"https:\/\/smilies.rs\/en\/#organization\"},\"potentialAction\":[{\"@type\":\"SearchAction\",\"target\":{\"@type\":\"EntryPoint\",\"urlTemplate\":\"https:\/\/smilies.rs\/en\/?s={search_term_string}\"},\"query-input\":{\"@type\":\"PropertyValueSpecification\",\"valueRequired\":true,\"valueName\":\"search_term_string\"}}],\"inLanguage\":\"en-US\"},{\"@type\":\"Organization\",\"@id\":\"https:\/\/smilies.rs\/en\/#organization\",\"name\":\"Smilies\",\"url\":\"https:\/\/smilies.rs\/en\/\",\"logo\":{\"@type\":\"ImageObject\",\"inLanguage\":\"en-US\",\"@id\":\"https:\/\/smilies.rs\/en\/#\/schema\/logo\/image\/\",\"url\":\"https:\/\/smilies.rs\/wp-content\/uploads\/2023\/12\/smilies-logo-footer.svg\",\"contentUrl\":\"https:\/\/smilies.rs\/wp-content\/uploads\/2023\/12\/smilies-logo-footer.svg\",\"width\":233,\"height\":100,\"caption\":\"Smilies\"},\"image\":{\"@id\":\"https:\/\/smilies.rs\/en\/#\/schema\/logo\/image\/\"},\"sameAs\":[\"https:\/\/www.facebook.com\/smilieschocolate\/\",\"https:\/\/www.instagram.com\/smilies_chocolate\/\"]}]}<\/script>\n<!-- \/ Yoast SEO plugin. -->","yoast_head_json":{"title":"Certificates - Smilies","robots":{"index":"index","follow":"follow","max-snippet":"max-snippet:-1","max-image-preview":"max-image-preview:large","max-video-preview":"max-video-preview:-1"},"canonical":"https:\/\/smilies.rs\/en\/certificates\/","og_locale":"en_US","og_type":"article","og_title":"Certificates - Smilies","og_description":"Certificates Our commitment to quality is reflected in the recognized certificates that guarantee this to the end consumer. For production in accordance with industry standards and rigorous approach to hygiene...","og_url":"https:\/\/smilies.rs\/en\/certificates\/","og_site_name":"Smilies","article_publisher":"https:\/\/www.facebook.com\/smilieschocolate\/","article_modified_time":"2024-09-14T13:27:15+00:00","og_image":[{"url":"https:\/\/smilies.rs\/wp-content\/uploads\/2024\/09\/IFS_Logo_Box_Food_RGB.svg"}],"twitter_card":"summary_large_image","twitter_misc":{"Est. reading time":"1 minute"},"schema":{"@context":"https:\/\/schema.org","@graph":[{"@type":"WebPage","@id":"https:\/\/smilies.rs\/en\/certificates\/","url":"https:\/\/smilies.rs\/en\/certificates\/","name":"Certificates - Smilies","isPartOf":{"@id":"https:\/\/smilies.rs\/en\/#website"},"primaryImageOfPage":{"@id":"https:\/\/smilies.rs\/en\/certificates\/#primaryimage"},"image":{"@id":"https:\/\/smilies.rs\/en\/certificates\/#primaryimage"},"thumbnailUrl":"https:\/\/smilies.rs\/wp-content\/uploads\/2024\/09\/IFS_Logo_Box_Food_RGB.svg","datePublished":"2024-09-12T16:02:04+00:00","dateModified":"2024-09-14T13:27:15+00:00","breadcrumb":{"@id":"https:\/\/smilies.rs\/en\/certificates\/#breadcrumb"},"inLanguage":"en-US","potentialAction":[{"@type":"ReadAction","target":["https:\/\/smilies.rs\/en\/certificates\/"]}]},{"@type":"ImageObject","inLanguage":"en-US","@id":"https:\/\/smilies.rs\/en\/certificates\/#primaryimage","url":"https:\/\/smilies.rs\/wp-content\/uploads\/2024\/09\/IFS_Logo_Box_Food_RGB.svg","contentUrl":"https:\/\/smilies.rs\/wp-content\/uploads\/2024\/09\/IFS_Logo_Box_Food_RGB.svg"},{"@type":"BreadcrumbList","@id":"https:\/\/smilies.rs\/en\/certificates\/#breadcrumb","itemListElement":[{"@type":"ListItem","position":1,"name":"Po\u010detna","item":"https:\/\/smilies.rs\/en\/"},{"@type":"ListItem","position":2,"name":"Certificates"}]},{"@type":"WebSite","@id":"https:\/\/smilies.rs\/en\/#website","url":"https:\/\/smilies.rs\/en\/","name":"Smilies","description":"Dobrodo\u0161li u \u010daroliju \u010dokolade","publisher":{"@id":"https:\/\/smilies.rs\/en\/#organization"},"potentialAction":[{"@type":"SearchAction","target":{"@type":"EntryPoint","urlTemplate":"https:\/\/smilies.rs\/en\/?s={search_term_string}"},"query-input":{"@type":"PropertyValueSpecification","valueRequired":true,"valueName":"search_term_string"}}],"inLanguage":"en-US"},{"@type":"Organization","@id":"https:\/\/smilies.rs\/en\/#organization","name":"Smilies","url":"https:\/\/smilies.rs\/en\/","logo":{"@type":"ImageObject","inLanguage":"en-US","@id":"https:\/\/smilies.rs\/en\/#\/schema\/logo\/image\/","url":"https:\/\/smilies.rs\/wp-content\/uploads\/2023\/12\/smilies-logo-footer.svg","contentUrl":"https:\/\/smilies.rs\/wp-content\/uploads\/2023\/12\/smilies-logo-footer.svg","width":233,"height":100,"caption":"Smilies"},"image":{"@id":"https:\/\/smilies.rs\/en\/#\/schema\/logo\/image\/"},"sameAs":["https:\/\/www.facebook.com\/smilieschocolate\/","https:\/\/www.instagram.com\/smilies_chocolate\/"]}]}},"_links":{"self":[{"href":"https:\/\/smilies.rs\/en\/wp-json\/wp\/v2\/pages\/640"}],"collection":[{"href":"https:\/\/smilies.rs\/en\/wp-json\/wp\/v2\/pages"}],"about":[{"href":"https:\/\/smilies.rs\/en\/wp-json\/wp\/v2\/types\/page"}],"author":[{"embeddable":true,"href":"https:\/\/smilies.rs\/en\/wp-json\/wp\/v2\/users\/1"}],"replies":[{"embeddable":true,"href":"https:\/\/smilies.rs\/en\/wp-json\/wp\/v2\/comments?post=640"}],"version-history":[{"count":2,"href":"https:\/\/smilies.rs\/en\/wp-json\/wp\/v2\/pages\/640\/revisions"}],"predecessor-version":[{"id":643,"href":"https:\/\/smilies.rs\/en\/wp-json\/wp\/v2\/pages\/640\/revisions\/643"}],"wp:attachment":[{"href":"https:\/\/smilies.rs\/en\/wp-json\/wp\/v2\/media?parent=640"}],"curies":[{"name":"wp","href":"https:\/\/api.w.org\/{rel}","templated":true}]}}